{"id":1095,"date":"2025-11-19T23:09:04","date_gmt":"2025-11-19T23:09:04","guid":{"rendered":"https:\/\/babieone.de\/?post_type=product&#038;p=1095"},"modified":"2025-11-19T23:09:04","modified_gmt":"2025-11-19T23:09:04","slug":"3-d-activity-decke-vogel","status":"publish","type":"product","link":"https:\/\/babieone.de\/?product=3-d-activity-decke-vogel","title":{"rendered":"3-D-Activity-Decke Vogel"},"content":{"rendered":"<p>Auf der 3-D-Activity-Decke Vogel von fehn gibt es f\u00fcr dein Baby viel zu entdecken. Bereits der Spielebogen h\u00e4lt f\u00fcnf abnehmbare Spielsachen bereit. So kann sich dein Liebling direkt mit\u00a0der Rassel mit bunten Kugeln, dem Schmetterling mit Raschelpapier, einer kleinen Maus mit Quietsche oder mit einem Spiegel besch\u00e4ftigen. Auch auf der kuschelweichen und gepolsterten Liegefl\u00e4che sind einige Spielzeuge versteckt. Der kleine Vogel raschelt z.B. ganz aufgeregt mit seinem Fl\u00fcgel und der Greifring mit kleiner Blume eignet sich hervorragend als Softbei\u00dfer. Dies hilft nicht nur beim Zahnen, sondern unterst\u00fctzt auch die Entwicklung des H\u00f6r- und Tastsinns sowie die Motorik deines kleinen Schatzes. F\u00fcr etwas Magie sorgt die &#8220;Glow-in-the-dark&#8221;-Bestickung, die leuchtet, wenn es dunkel wird und dein Baby beruhigen kann.<\/p>\n","protected":false},"excerpt":{"rendered":"<p>&nbsp;<\/p>\n<ul class=\"product-detail-highlights\">\n<li>Spielbogen mit f\u00fcnf abnehmbaren Spielzeugen<\/li>\n<li>mit &#8220;Glow-in-the-dark&#8221;-Bestickung<\/li>\n<li>F\u00f6rderung der Motorik und Sinneswahrnehmung<\/li>\n<\/ul>\n","protected":false},"featured_media":1096,"comment_status":"open","ping_status":"closed","template":"","meta":[],"product_brand":[],"product_cat":[42],"product_tag":[],"class_list":{"0":"post-1095","1":"product","2":"type-product","3":"status-publish","4":"has-post-thumbnail","6":"product_cat-play-arches","8":"first","9":"instock","10":"shipping-taxable","11":"purchasable","12":"product-type-simple"},"jetpack_sharing_enabled":true,"_links":{"self":[{"href":"https:\/\/babieone.de\/index.php?rest_route=\/wp\/v2\/product\/1095","targetHints":{"allow":["GET"]}}],"collection":[{"href":"https:\/\/babieone.de\/index.php?rest_route=\/wp\/v2\/product"}],"about":[{"href":"https:\/\/babieone.de\/index.php?rest_route=\/wp\/v2\/types\/product"}],"replies":[{"embeddable":true,"href":"https:\/\/babieone.de\/index.php?rest_route=%2Fwp%2Fv2%2Fcomments&post=1095"}],"wp:featuredmedia":[{"embeddable":true,"href":"https:\/\/babieone.de\/index.php?rest_route=\/wp\/v2\/media\/1096"}],"wp:attachment":[{"href":"https:\/\/babieone.de\/index.php?rest_route=%2Fwp%2Fv2%2Fmedia&parent=1095"}],"wp:term":[{"taxonomy":"product_brand","embeddable":true,"href":"https:\/\/babieone.de\/index.php?rest_route=%2Fwp%2Fv2%2Fproduct_brand&post=1095"},{"taxonomy":"product_cat","embeddable":true,"href":"https:\/\/babieone.de\/index.php?rest_route=%2Fwp%2Fv2%2Fproduct_cat&post=1095"},{"taxonomy":"product_tag","embeddable":true,"href":"https:\/\/babieone.de\/index.php?rest_route=%2Fwp%2Fv2%2Fproduct_tag&post=1095"}],"curies":[{"name":"wp","href":"https:\/\/api.w.org\/{rel}","templated":true}]}}