{"id":1105,"date":"2025-11-19T23:18:23","date_gmt":"2025-11-19T23:18:23","guid":{"rendered":"https:\/\/babieone.de\/?post_type=product&#038;p=1105"},"modified":"2025-11-19T23:18:23","modified_gmt":"2025-11-19T23:18:23","slug":"4-in-1-kickin-tunes-spielbogen","status":"publish","type":"product","link":"https:\/\/babieone.de\/?product=4-in-1-kickin-tunes-spielbogen","title":{"rendered":"4-in-1 Kickin&#8217; Tunes Spielbogen"},"content":{"rendered":"","protected":false},"excerpt":{"rendered":"<ul class=\"product-detail-highlights\">\n<li>Der 4-in-1 Kickin&#8217; Tunes Spielbogen von Baby Einstein ist ein tolles erstes Spielzeug f\u00fcr deinen kleinen Schatz! Mit vier verschiedenen Betriebsweisen &#8211; Liegen, Sitzen, Bauchlage und Unterwegs &#8211; kann dein Baby in verschiedenen Positionen spielen und lernen. Egal, ob es gerade erst anf\u00e4ngt, seine Umgebung zu erkunden oder schon aktiv sitzen kann, dieser Spielbogen passt sich den Bed\u00fcrfnissen deines Nachwuchses an.\n<p>Der Kickin&#8217; Tunes Spielbogen bietet eine beeindruckende Auswahl an mehr als 70 Ger\u00e4uschen und \u00fcber 25 Minuten Musik &#8211; mit denen dein Kind spielerisch seine Sinne schult. Das Beste daran ist, dass die Musik und die S\u00e4tze in Englisch, Spanisch und Franz\u00f6sisch abgespielt werden, um dein Baby schon fr\u00fch mit verschiedenen Sprachen vertraut zu machen.<\/p>\n<p>Dieser Spielbogen verf\u00fcgt au\u00dferdem \u00fcber sieben abnehmbare Spielzeuge, darunter ein interaktives Magic Touch Piano und ein bequemes St\u00fctzkissen, welches deinen Liebling beim bequemen Sitzen unterst\u00fctzt. Die Spielzeuge k\u00f6nnen flexibel an allen Seiten des Spielbogens angebracht werden, sodass dein Baby sie leicht erreichen kann. Das Knistermedaillon, die Dreiecksrassel, die strukturierte Note, die Lernkarten und der Spiegel bieten verschiedene sensorische Erfahrungen und f\u00f6rdern die Entwicklung der motorischen F\u00e4higkeiten.<\/li>\n<\/ul>\n","protected":false},"featured_media":1114,"comment_status":"open","ping_status":"closed","template":"","meta":[],"product_brand":[],"product_cat":[42,35],"product_tag":[],"class_list":{"0":"post-1105","1":"product","2":"type-product","3":"status-publish","4":"has-post-thumbnail","6":"product_cat-play-arches","7":"product_cat-baby-room-sets","9":"first","10":"instock","11":"shipping-taxable","12":"purchasable","13":"product-type-simple"},"jetpack_sharing_enabled":true,"_links":{"self":[{"href":"https:\/\/babieone.de\/index.php?rest_route=\/wp\/v2\/product\/1105","targetHints":{"allow":["GET"]}}],"collection":[{"href":"https:\/\/babieone.de\/index.php?rest_route=\/wp\/v2\/product"}],"about":[{"href":"https:\/\/babieone.de\/index.php?rest_route=\/wp\/v2\/types\/product"}],"replies":[{"embeddable":true,"href":"https:\/\/babieone.de\/index.php?rest_route=%2Fwp%2Fv2%2Fcomments&post=1105"}],"wp:featuredmedia":[{"embeddable":true,"href":"https:\/\/babieone.de\/index.php?rest_route=\/wp\/v2\/media\/1114"}],"wp:attachment":[{"href":"https:\/\/babieone.de\/index.php?rest_route=%2Fwp%2Fv2%2Fmedia&parent=1105"}],"wp:term":[{"taxonomy":"product_brand","embeddable":true,"href":"https:\/\/babieone.de\/index.php?rest_route=%2Fwp%2Fv2%2Fproduct_brand&post=1105"},{"taxonomy":"product_cat","embeddable":true,"href":"https:\/\/babieone.de\/index.php?rest_route=%2Fwp%2Fv2%2Fproduct_cat&post=1105"},{"taxonomy":"product_tag","embeddable":true,"href":"https:\/\/babieone.de\/index.php?rest_route=%2Fwp%2Fv2%2Fproduct_tag&post=1105"}],"curies":[{"name":"wp","href":"https:\/\/api.w.org\/{rel}","templated":true}]}}