{"id":1154,"date":"2025-11-19T23:53:49","date_gmt":"2025-11-19T23:53:49","guid":{"rendered":"https:\/\/babieone.de\/?post_type=product&#038;p=1154"},"modified":"2025-11-19T23:53:49","modified_gmt":"2025-11-19T23:53:49","slug":"eezy-s-twist-2-almond-beige","status":"publish","type":"product","link":"https:\/\/babieone.de\/?product=eezy-s-twist-2-almond-beige","title":{"rendered":"Eezy S Twist +2 Almond Beige"},"content":{"rendered":"<p>Bietet (genau wie der Eezy S +2) die perfekte Kombination aus \u201eeasy\u201c und \u201ecozy\u201c \u2013 und noch weitaus mehr: Neben einer bedienungsfreundlichen Handhabung f\u00fcr die Eltern und maximaler Bequemlichkeit f\u00fcr das Kind begeistert der Eezy S Twist +2 mit einer 360-Grad-Drehfunktion. Diese erm\u00f6glicht eine komplette Drehung der Sitzeinheit \u2013 und das mit nur einer Handbewegung. So kannst du immer ganz spontan entscheiden, ob du w\u00e4hrend der Fahrt in Blickkontakt mit deinem Baby stehen m\u00f6chtest \u2013 oder ob du den kleinen Fahrgast fr\u00f6hlich nach vorn schauen und das, was noch alles vor euch liegt, entdecken l\u00e4sst. Wie man den Kinderwagen auch dreht und wendet: Der Eezy S Twist +2 verspricht ein Maximum an Flexibilit\u00e4t und ist der ideale Begleiter f\u00fcr unternehmungslustige Familien mit h\u00f6chsten Anspr\u00fcchen an Komfort, Funktionalit\u00e4t und Qualit\u00e4t. Schlie\u00dflich ist der hochwertige Kinderwagen von Cybex mit vielen Extras ausgestattet:<\/p>\n<p>Ein besonderes Plus sind die All-Terrain-R\u00e4der, die grenzenlosen Fahrspa\u00df und ein einfaches Man\u00f6vrieren auf jedem Untergrund versprechen \u2013 ob beim Shoppingbummel durch die Stadt, auf Waldwegen oder am Sandstrand. Selbst beim Fahren \u00fcber Bordsteinkanten &amp; Co. sorgt die Allradfederung f\u00fcr eine angenehme Laufruhe. Vorz\u00fcge \u00fcbrigens, von denen sowohl dein schlummernder Schatz als auch das schiebende Elternteil profitiert.<\/p>\n<p>F\u00fcr den rundum bequemen Komfort deines Kindes sorgen die individuell verstellbare Beinablage und die (einh\u00e4ndig) verstellbare R\u00fcckenlehne, die verschiedene Positionen bis zum ergonomischen Liegen erm\u00f6glicht. Gleichzeitig garantieren die hochwertigen Bez\u00fcge eine angenehme Haptik: Der dehnbare Strickstoff f\u00fchlt sich herrlich weich an und kann bei Bedarf einfach bei 30 \u00b0C in der Waschmaschine gewaschen werden.<\/p>\n<p>Um bei allen Touren ein H\u00f6chstma\u00df an Sicherheit zu gew\u00e4hrleisten, verf\u00fcgt der Eezy S Twist Plus 2 neben einem Einhand-Gurtsystem, mit dem du dein Kind in Sekundenschnelle mit nur einer Hand sichern kannst, \u00fcber eine Feststellbremse, ein XXL Sonnenverdeck mit Lichtschutzfaktor USF 50+ und einen Frontb\u00fcgel, der auch als Sicherheitsb\u00fcgel bezeichnet wird. Dieser Schutzb\u00fcgel ist \u00fcbrigens auch als Spielb\u00fcgel nutzbar, weil er sich prima zur Befestigung von animierendem Babyspielzeug eignet.<\/p>\n<p>Noch praktischer ist der innovative Einhand-Faltmechanismus: Mit nur einer Hand kannst du den Buggy in Sekundenschnelle zusammenfalten \u2013 und erh\u00e4ltst als Ergebnis ein kompaktes, freistehendes, transportf\u00e4higes \u201ePaket\u201c. So wird selbst das Reisen mit Kind zum (fast) stresslosen Vergn\u00fcgen. Apropos: Der Eezy S Twist Plus 2 ist Teil eines Eezy-Reisesystems, das mit nur einem Rahmen gleich drei verschiedene Reiseoptionen bietet. Neben dem Standard-Kinderwagensitz ist das Gestell auch mit einem (in jeder Hinsicht ausgezeichneten) Cybex Babyschalen-Autokindersitz oder der Cot S Babywanne nutzbar.<\/p>\n<p>&nbsp;<\/p>\n<ul class=\"product-detail-highlights\">\n<li>All Terrain Buggy nutzbar ab Geburt bis ca. 4 Jahre (max. 22 kg)<\/li>\n<li>Sitzeinheit mit 360\u00b0 Drehfunktion f\u00fcr die extra flexible Nutzung<\/li>\n<li>kompakte Einhand-Faltung f\u00fcr eine unkomplizierte Handhabung<\/li>\n<\/ul>\n","protected":false},"excerpt":{"rendered":"<p>Bietet (genau wie der Eezy S +2) die perfekte Kombination aus \u201eeasy\u201c und \u201ecozy\u201c \u2013 und noch weitaus mehr: Neben einer bedienungsfreundlichen Handhabung f\u00fcr die Eltern und maximaler Bequemlichkeit f\u00fcr das Kind begeistert der Eezy&hellip;<\/p>\n","protected":false},"featured_media":1165,"comment_status":"open","ping_status":"closed","template":"","meta":[],"product_brand":[],"product_cat":[31,22],"product_tag":[],"class_list":{"0":"post-1154","1":"product","2":"type-product","3":"status-publish","4":"has-post-thumbnail","6":"product_cat-bugaboo-stroller","7":"product_cat-gear","9":"first","10":"instock","11":"shipping-taxable","12":"purchasable","13":"product-type-simple"},"jetpack_sharing_enabled":true,"_links":{"self":[{"href":"https:\/\/babieone.de\/index.php?rest_route=\/wp\/v2\/product\/1154","targetHints":{"allow":["GET"]}}],"collection":[{"href":"https:\/\/babieone.de\/index.php?rest_route=\/wp\/v2\/product"}],"about":[{"href":"https:\/\/babieone.de\/index.php?rest_route=\/wp\/v2\/types\/product"}],"replies":[{"embeddable":true,"href":"https:\/\/babieone.de\/index.php?rest_route=%2Fwp%2Fv2%2Fcomments&post=1154"}],"wp:featuredmedia":[{"embeddable":true,"href":"https:\/\/babieone.de\/index.php?rest_route=\/wp\/v2\/media\/1165"}],"wp:attachment":[{"href":"https:\/\/babieone.de\/index.php?rest_route=%2Fwp%2Fv2%2Fmedia&parent=1154"}],"wp:term":[{"taxonomy":"product_brand","embeddable":true,"href":"https:\/\/babieone.de\/index.php?rest_route=%2Fwp%2Fv2%2Fproduct_brand&post=1154"},{"taxonomy":"product_cat","embeddable":true,"href":"https:\/\/babieone.de\/index.php?rest_route=%2Fwp%2Fv2%2Fproduct_cat&post=1154"},{"taxonomy":"product_tag","embeddable":true,"href":"https:\/\/babieone.de\/index.php?rest_route=%2Fwp%2Fv2%2Fproduct_tag&post=1154"}],"curies":[{"name":"wp","href":"https:\/\/api.w.org\/{rel}","templated":true}]}}