{"id":18,"date":"2019-04-18T11:08:43","date_gmt":"2019-04-18T11:08:43","guid":{"rendered":"https:\/\/envothemes.com\/envo-ecommerce\/product\/import-placeholder-for-48\/"},"modified":"2025-11-06T00:51:28","modified_gmt":"2025-11-06T00:51:28","slug":"buggy-mit-fusssack","status":"publish","type":"product","link":"https:\/\/babieone.de\/?product=buggy-mit-fusssack","title":{"rendered":"Uni Fu\u00dfsack Forest Green"},"content":{"rendered":"<h2 data-start=\"605\" data-end=\"643\">Was ist ein Buggy mit Fu\u00dfsack?<\/h2>\n<p data-start=\"645\" data-end=\"897\">Ein <a href=\"https:\/\/babieone.de\/\"><strong data-start=\"649\" data-end=\"670\">Buggy mit Fu\u00dfsack<\/strong><\/a> ist die ideale L\u00f6sung f\u00fcr Eltern, die Wert auf Komfort und Funktionalit\u00e4t legen.<br data-start=\"751\" data-end=\"754\" \/>Er kombiniert einen leichten, wendigen Kinderwagen mit einem warmen <strong data-start=\"822\" data-end=\"833\">Fu\u00dfsack<\/strong>, der dein Baby zuverl\u00e4ssig vor Wind, K\u00e4lte und N\u00e4sse sch\u00fctzt<a href=\"https:\/\/www.kindermaxx.de\/\" target=\"_blank\" rel=\"noopener\">.<\/a><\/p>\n<p data-start=\"899\" data-end=\"1173\">Gerade in der kalten Jahreszeit ist ein <a href=\"https:\/\/babieone.de\/?page_id=7\"><strong data-start=\"939\" data-end=\"960\">Buggy mit Fu\u00dfsack<\/strong><\/a> unverzichtbar \u2013 dein Baby bleibt sch\u00f6n warm, w\u00e4hrend du entspannt unterwegs bist. Ob beim Spaziergang im Park, beim Einkaufen oder auf Reisen \u2013 der Fu\u00dfsack sorgt jederzeit f\u00fcr Geborgenheit und Wohlf\u00fchltemperatur<a href=\"https:\/\/kind-der-stadt.de\/\" target=\"_blank\" rel=\"noopener\">.<\/a><\/p>\n<hr data-start=\"1175\" data-end=\"1178\" \/>\n<h2 data-start=\"1180\" data-end=\"1221\">\u00a0Vorteile eines Buggys mit Fu\u00dfsack<\/h2>\n<h3 data-start=\"1223\" data-end=\"1251\">1. <strong data-start=\"1230\" data-end=\"1249\">Komfort &amp; W\u00e4rme<\/strong><\/h3>\n<p data-start=\"1252\" data-end=\"1477\">Der integrierte oder passende <strong data-start=\"1282\" data-end=\"1293\">Fu\u00dfsack<\/strong> besteht meist aus einem weichen Innenfutter (z. B. Fleece oder Baumwolle) und einem wetterfesten Au\u00dfenmaterial.<br data-start=\"1405\" data-end=\"1408\" \/>Er h\u00e4lt dein Kind angenehm warm \u2013 auch bei Wind, Schnee oder Regen.<\/p>\n<h3 data-start=\"1479\" data-end=\"1513\">2. <strong data-start=\"1486\" data-end=\"1511\">Praktische Handhabung<\/strong><\/h3>\n<p data-start=\"1514\" data-end=\"1709\">Ein <a href=\"https:\/\/babieone.de\/?page_id=383\"><strong data-start=\"1518\" data-end=\"1539\">Buggy mit Fu\u00dfsack<\/strong><\/a> l\u00e4sst sich leicht zusammenklappen, transportieren und reinigen.<br data-start=\"1603\" data-end=\"1606\" \/>Viele Modelle haben <strong data-start=\"1626\" data-end=\"1649\">abnehmbare Fu\u00dfs\u00e4cke<\/strong>, die <strong data-start=\"1655\" data-end=\"1676\">maschinenwaschbar<\/strong> sind \u2013 perfekt f\u00fcr den Alltag.<\/p>\n<h3 data-start=\"1711\" data-end=\"1749\">3. <strong data-start=\"1718\" data-end=\"1747\">Sicherheit &amp; Flexibilit\u00e4t<\/strong><\/h3>\n<p data-start=\"1750\" data-end=\"1991\">Mit <strong data-start=\"1754\" data-end=\"1784\">verstellbaren Gurtsystemen<\/strong>, gepolsterten Sitzen und wetterfesten Stoffen bietet der Buggy h\u00f6chste Sicherheit und Komfort.<br data-start=\"1879\" data-end=\"1882\" \/>Zudem sind die meisten Modelle <strong data-start=\"1913\" data-end=\"1938\">universell kompatibel<\/strong>, sodass du den Fu\u00dfsack auch separat nutzen kannst.<\/p>\n<h3 data-start=\"1993\" data-end=\"2024\">4. <strong data-start=\"2000\" data-end=\"2022\">Ganzj\u00e4hrig nutzbar<\/strong><\/h3>\n<p data-start=\"2025\" data-end=\"2194\">F\u00fcr den Sommer kannst du den Fu\u00dfsack einfach abnehmen \u2013 im Winter sch\u00fctzt er zuverl\u00e4ssig vor K\u00e4lte.<br data-start=\"2124\" data-end=\"2127\" \/>So hast du das ganze Jahr \u00fcber den idealen Begleiter f\u00fcr dein Baby.<\/p>\n<hr data-start=\"2196\" data-end=\"2199\" \/>\n<h2 data-start=\"2201\" data-end=\"2245\">\u00a0Worauf solltest du beim Kauf achten?<\/h2>\n<ul data-start=\"2247\" data-end=\"2558\">\n<li data-start=\"2247\" data-end=\"2337\">\n<p data-start=\"2249\" data-end=\"2337\"><strong data-start=\"2249\" data-end=\"2277\">Hochwertige Materialien:<\/strong> Achte auf atmungsaktive Stoffe und w\u00e4rmendes Innenfutter.<\/p>\n<\/li>\n<li data-start=\"2338\" data-end=\"2412\">\n<p data-start=\"2340\" data-end=\"2412\"><strong data-start=\"2340\" data-end=\"2365\">Sicherheitsstandards:<\/strong> 5-Punkt-Gurt und stabile Rahmenkonstruktion.<\/p>\n<\/li>\n<li data-start=\"2413\" data-end=\"2487\">\n<p data-start=\"2415\" data-end=\"2487\"><strong data-start=\"2415\" data-end=\"2434\">Passende Gr\u00f6\u00dfe:<\/strong> Der Fu\u00dfsack sollte genug Bewegungsfreiheit bieten.<\/p>\n<\/li>\n<li data-start=\"2488\" data-end=\"2558\">\n<p data-start=\"2490\" data-end=\"2558\"><strong data-start=\"2490\" data-end=\"2513\">Einfache Reinigung:<\/strong> Maschinenwaschbare Materialien sind ideal.<\/p>\n<\/li>\n<\/ul>\n<hr data-start=\"2560\" data-end=\"2563\" \/>\n<h2 data-start=\"2565\" data-end=\"2578\">\u00a0Fazit<\/h2>\n<p data-start=\"2580\" data-end=\"2794\">Ein <strong data-start=\"2584\" data-end=\"2605\">Buggy mit Fu\u00dfsack<\/strong> ist die perfekte Kombination aus Komfort, Sicherheit und W\u00e4rme.<br data-start=\"2669\" data-end=\"2672\" \/>Er macht Spazierg\u00e4nge im Herbst und Winter angenehm und sorgt daf\u00fcr, dass dein Baby immer gesch\u00fctzt und geborgen bleibt.<\/p>\n<blockquote data-start=\"2796\" data-end=\"2907\">\n<p data-start=\"2798\" data-end=\"2907\">Jetzt den idealen <strong data-start=\"2816\" data-end=\"2837\">Buggy mit Fu\u00dfsack<\/strong> entdecken und deinem Baby maximalen Komfort bei jedem Ausflug bieten!<\/p>\n<\/blockquote>\n","protected":false},"excerpt":{"rendered":"<p>&nbsp;<\/p>\n<p>&nbsp;<\/p>\n","protected":false},"featured_media":1004,"comment_status":"open","ping_status":"closed","template":"","meta":[],"product_brand":[],"product_cat":[26,22],"product_tag":[],"class_list":{"0":"post-18","1":"product","2":"type-product","3":"status-publish","4":"has-post-thumbnail","6":"product_cat-child-seat","7":"product_cat-gear","9":"first","10":"instock","11":"shipping-taxable","12":"purchasable","13":"product-type-simple"},"jetpack_sharing_enabled":true,"_links":{"self":[{"href":"https:\/\/babieone.de\/index.php?rest_route=\/wp\/v2\/product\/18","targetHints":{"allow":["GET"]}}],"collection":[{"href":"https:\/\/babieone.de\/index.php?rest_route=\/wp\/v2\/product"}],"about":[{"href":"https:\/\/babieone.de\/index.php?rest_route=\/wp\/v2\/types\/product"}],"replies":[{"embeddable":true,"href":"https:\/\/babieone.de\/index.php?rest_route=%2Fwp%2Fv2%2Fcomments&post=18"}],"wp:featuredmedia":[{"embeddable":true,"href":"https:\/\/babieone.de\/index.php?rest_route=\/wp\/v2\/media\/1004"}],"wp:attachment":[{"href":"https:\/\/babieone.de\/index.php?rest_route=%2Fwp%2Fv2%2Fmedia&parent=18"}],"wp:term":[{"taxonomy":"product_brand","embeddable":true,"href":"https:\/\/babieone.de\/index.php?rest_route=%2Fwp%2Fv2%2Fproduct_brand&post=18"},{"taxonomy":"product_cat","embeddable":true,"href":"https:\/\/babieone.de\/index.php?rest_route=%2Fwp%2Fv2%2Fproduct_cat&post=18"},{"taxonomy":"product_tag","embeddable":true,"href":"https:\/\/babieone.de\/index.php?rest_route=%2Fwp%2Fv2%2Fproduct_tag&post=18"}],"curies":[{"name":"wp","href":"https:\/\/api.w.org\/{rel}","templated":true}]}}