{"id":19,"date":"2019-04-18T11:08:43","date_gmt":"2019-04-18T11:08:43","guid":{"rendered":"https:\/\/envothemes.com\/envo-ecommerce\/product\/import-placeholder-for-49\/"},"modified":"2025-11-10T01:49:25","modified_gmt":"2025-11-10T01:49:25","slug":"kinderwagen","status":"publish","type":"product","link":"https:\/\/babieone.de\/?product=kinderwagen","title":{"rendered":"Donkey 5 Mono-Kinderwagen, erweiterbar, Midnight Black"},"content":{"rendered":"<h1 style=\"text-align: center;\">Kinderwagen \u2013 Komfort, Sicherheit und Stil f\u00fcr dein Baby<\/h1>\n<h2 data-start=\"452\" data-end=\"507\">Was ist ein Kinderwagen und warum ist er so wichtig?<\/h2>\n<p data-start=\"509\" data-end=\"866\">Ein <a href=\"https:\/\/babieone.de\/?product=british-baby-buggy\"><strong data-start=\"513\" data-end=\"528\">Kinderwagen<\/strong> <\/a>geh\u00f6rt zur Grundausstattung jeder jungen Familie.<br data-start=\"578\" data-end=\"581\" \/>Er sorgt daf\u00fcr, dass dein Baby <strong data-start=\"612\" data-end=\"644\">sicher, bequem und gesch\u00fctzt<\/strong> unterwegs ist \u2013 egal ob beim Spaziergang im Park, beim Einkaufen oder auf Reisen.<br data-start=\"726\" data-end=\"729\" \/>Moderne Kinderwagen bieten heute weit mehr als nur Mobilit\u00e4t: Sie kombinieren <strong data-start=\"807\" data-end=\"845\">Komfort, Funktionalit\u00e4t und Design<\/strong> auf h\u00f6chstem Niveau<a href=\"https:\/\/www.babyone.de\/\" target=\"_blank\" rel=\"noopener\">.<\/a><\/p>\n<hr data-start=\"868\" data-end=\"871\" \/>\n<h2 data-start=\"873\" data-end=\"897\">Arten von Kinderwagen<\/h2>\n<p data-start=\"899\" data-end=\"1016\">Je nach Lebensstil und Alter deines Kindes gibt es verschiedene Modelle, die unterschiedliche Bed\u00fcrfnisse erf\u00fcllen:<\/p>\n<h3 data-start=\"1018\" data-end=\"1043\">1. Kombikinderwagen<\/h3>\n<p data-start=\"1044\" data-end=\"1240\">Ein <strong data-start=\"1048\" data-end=\"1068\">Kombikinderwagen<\/strong> w\u00e4chst mit deinem Kind mit. Er kann vom <strong data-start=\"1109\" data-end=\"1122\">Babywagen<\/strong> mit Liegewanne zum <strong data-start=\"1142\" data-end=\"1167\">Sportwagen oder Buggy<\/strong> umgebaut werden \u2013 ideal f\u00fcr Eltern, die langfristig investieren m\u00f6chten.<\/p>\n<h3 data-start=\"1242\" data-end=\"1261\">2. Sportwagen<\/h3>\n<p data-start=\"1262\" data-end=\"1452\">Perfekt f\u00fcr aktive Eltern. Der <strong data-start=\"1293\" data-end=\"1307\">Sportwagen<\/strong> bietet viel Bewegungsfreiheit und ist ideal, wenn dein Kind schon sitzen kann. Er ist leicht, wendig und kompakt \u2013 perfekt f\u00fcr Stadt und Reisen.<\/p>\n<h3 data-start=\"1454\" data-end=\"1468\">3. Buggy<\/h3>\n<p data-start=\"1469\" data-end=\"1628\">Ein <strong data-start=\"1473\" data-end=\"1482\">Buggy<\/strong> ist die leichtere, platzsparende Version des Kinderwagens. Er eignet sich hervorragend f\u00fcr kurze Strecken und \u00e4ltere Babys ab etwa sechs Monaten.<\/p>\n<h3 data-start=\"1630\" data-end=\"1659\">4. Zwillingskinderwagen<\/h3>\n<p data-start=\"1660\" data-end=\"1793\">F\u00fcr Eltern mit Zwillingen oder Geschwisterkindern \u2013 praktisch, stabil und komfortabel, um zwei Kinder gleichzeitig zu transportieren.<\/p>\n<hr data-start=\"1795\" data-end=\"1798\" \/>\n<h2 data-start=\"1800\" data-end=\"1847\">Wichtige Funktionen eines guten Kinderwagens<\/h2>\n<p data-start=\"1849\" data-end=\"1900\">Ein hochwertiger <a href=\"https:\/\/babieone.de\/?page_id=7\"><strong data-start=\"513\" data-end=\"528\">Kinderwagen<\/strong>\u00a0<\/a>\u00fcberzeugt durch:<\/p>\n<ul data-start=\"1901\" data-end=\"2200\">\n<li data-start=\"1901\" data-end=\"1972\">\n<p data-start=\"1903\" data-end=\"1972\">Verstellbare R\u00fcckenlehne und Schiebegriff f\u00fcr ergonomischen Komfort<\/p>\n<\/li>\n<li data-start=\"1973\" data-end=\"2036\">\n<p data-start=\"1975\" data-end=\"2036\">Sto\u00dfd\u00e4mpfende R\u00e4der f\u00fcr sanftes Fahren auf jedem Untergrund<\/p>\n<\/li>\n<li data-start=\"2037\" data-end=\"2087\">\n<p data-start=\"2039\" data-end=\"2087\">Sicherheitsgurte und zuverl\u00e4ssige Bremssysteme<\/p>\n<\/li>\n<li data-start=\"2088\" data-end=\"2149\">\n<p data-start=\"2090\" data-end=\"2149\">Gro\u00dfen Stauraum f\u00fcr Wickeltasche, Spielzeug oder Eink\u00e4ufe<\/p>\n<\/li>\n<li data-start=\"2150\" data-end=\"2200\">\n<p data-start=\"2152\" data-end=\"2200\">Leichtes Faltmechanismus \u2013 ideal f\u00fcr unterwegs<\/p>\n<\/li>\n<\/ul>\n<hr data-start=\"2202\" data-end=\"2205\" \/>\n<h2 data-start=\"2207\" data-end=\"2228\">Pflege und Wartung<\/h2>\n<p data-start=\"2230\" data-end=\"2481\">Damit dein <strong data-start=\"2241\" data-end=\"2256\">Kinderwagen<\/strong> lange h\u00e4lt, solltest du ihn regelm\u00e4\u00dfig reinigen und die R\u00e4der pr\u00fcfen.<br data-start=\"2326\" data-end=\"2329\" \/>Bez\u00fcge sind oft <strong data-start=\"2345\" data-end=\"2385\">abnehmbar und waschmaschinengeeignet<\/strong>, w\u00e4hrend Metall- oder Kunststoffteile einfach mit einem feuchten Tuch abgewischt werden k\u00f6nnen.<\/p>\n<hr data-start=\"2483\" data-end=\"2486\" \/>\n<h2 data-start=\"2488\" data-end=\"2496\">Fazit<\/h2>\n<p data-start=\"2498\" data-end=\"2739\">Ein <a href=\"https:\/\/babieone.de\"><strong data-start=\"2502\" data-end=\"2517\">Kinderwagen<\/strong> <\/a>ist mehr als nur ein Transportmittel \u2013 er bietet deinem Baby Sicherheit, Geborgenheit und Komfort bei jedem Ausflug.<br data-start=\"2634\" data-end=\"2637\" \/>Mit dem richtigen Modell bist du bestens ausger\u00fcstet f\u00fcr jeden Spaziergang, egal bei welchem Wetter.<\/p>\n<p data-start=\"2741\" data-end=\"2849\">Jetzt den perfekten <strong data-start=\"2761\" data-end=\"2776\">Kinderwagen<\/strong> online entdecken und deinem Baby den besten Start ins Leben erm\u00f6glichen!<\/p>\n","protected":false},"excerpt":{"rendered":"<p>&nbsp;<\/p>\n<ul class=\"product-detail-highlights\">\n<li>inkl. Liegewanne &amp;amp; Sitzeinheit<\/li>\n<li>Sonnendach mit extra Bel\u00fcftung<\/li>\n<li>zum Doppelkinderwagen umr\u00fcstbar<\/li>\n<\/ul>\n<div class=\"product-detail-color-variants\">\n<div class=\"col-12 product-detail-color-variants-container\">\n<div class=\"product-detail-color-variant\" data-bs-toggle=\"tooltip\" data-bs-template=\"&lt;div class=&quot;tooltip&quot; role=&quot;tooltip&quot;&gt;&lt;div class=&quot;tooltip-arrow&quot;&gt;&lt;\/div&gt;&lt;div class=&quot;tooltip-inner tooltip--color-variant&quot;&gt;&lt;\/div&gt;&lt;\/div&gt;\" aria-label=\"Beige\" data-bs-original-title=\"Beige\">\n<div class=\"product-detail-color-variant-circle\"><\/div>\n<\/div>\n<div class=\"product-detail-color-variant\" data-bs-toggle=\"tooltip\" data-bs-template=\"&lt;div class=&quot;tooltip&quot; role=&quot;tooltip&quot;&gt;&lt;div class=&quot;tooltip-arrow&quot;&gt;&lt;\/div&gt;&lt;div class=&quot;tooltip-inner tooltip--color-variant&quot;&gt;&lt;\/div&gt;&lt;\/div&gt;\" aria-label=\"Blau\" data-bs-original-title=\"Blau\">\n<div class=\"product-detail-color-variant-circle\"><\/div>\n<\/div>\n<div class=\"product-detail-color-variant\" title=\"Blau\" data-bs-toggle=\"tooltip\" data-bs-template=\"&lt;div class=&quot;tooltip&quot; role=&quot;tooltip&quot;&gt;&lt;div class=&quot;tooltip-arrow&quot;&gt;&lt;\/div&gt;&lt;div class=&quot;tooltip-inner tooltip--color-variant&quot;&gt;&lt;\/div&gt;&lt;\/div&gt;\">\n<div class=\"product-detail-color-variant-circle\"><\/div>\n<\/div>\n<div class=\"product-detail-color-variant\" title=\"Grau\" data-bs-toggle=\"tooltip\" data-bs-template=\"&lt;div class=&quot;tooltip&quot; role=&quot;tooltip&quot;&gt;&lt;div class=&quot;tooltip-arrow&quot;&gt;&lt;\/div&gt;&lt;div class=&quot;tooltip-inner tooltip--color-variant&quot;&gt;&lt;\/div&gt;&lt;\/div&gt;\">\n<div class=\"product-detail-color-variant-circle\"><\/div>\n<\/div>\n<div class=\"product-detail-color-variant\" title=\"Gr\u00fcn\" data-bs-toggle=\"tooltip\" data-bs-template=\"&lt;div class=&quot;tooltip&quot; role=&quot;tooltip&quot;&gt;&lt;div class=&quot;tooltip-arrow&quot;&gt;&lt;\/div&gt;&lt;div class=&quot;tooltip-inner tooltip--color-variant&quot;&gt;&lt;\/div&gt;&lt;\/div&gt;\">\n<div class=\"product-detail-color-variant-circle\"><\/div>\n<\/div>\n<div class=\"product-detail-color-variant active\" title=\"Schwarz\" data-bs-toggle=\"tooltip\" data-bs-template=\"&lt;div class=&quot;tooltip&quot; role=&quot;tooltip&quot;&gt;&lt;div class=&quot;tooltip-arrow&quot;&gt;&lt;\/div&gt;&lt;div class=&quot;tooltip-inner tooltip--color-variant&quot;&gt;&lt;\/div&gt;&lt;\/div&gt;\">\n<div class=\"product-detail-color-variant-circle\"><\/div>\n<\/div>\n<div class=\"product-detail-color-variant\" title=\"Schwarz\" data-bs-toggle=\"tooltip\" data-bs-template=\"&lt;div class=&quot;tooltip&quot; role=&quot;tooltip&quot;&gt;&lt;div class=&quot;tooltip-arrow&quot;&gt;&lt;\/div&gt;&lt;div class=&quot;tooltip-inner tooltip--color-variant&quot;&gt;&lt;\/div&gt;&lt;\/div&gt;\">\n<div class=\"product-detail-color-variant-circle\"><\/div>\n<\/div>\n<div class=\"product-detail-color-variant\" data-bs-toggle=\"tooltip\" data-bs-template=\"&lt;div class=&quot;tooltip&quot; role=&quot;tooltip&quot;&gt;&lt;div class=&quot;tooltip-arrow&quot;&gt;&lt;\/div&gt;&lt;div class=&quot;tooltip-inner tooltip--color-variant&quot;&gt;&lt;\/div&gt;&lt;\/div&gt;\" aria-label=\"Taupe\" data-bs-original-title=\"Taupe\"><\/div>\n<\/div>\n<\/div>\n","protected":false},"featured_media":1006,"comment_status":"open","ping_status":"closed","template":"","meta":[],"product_brand":[],"product_cat":[31,26,22],"product_tag":[],"class_list":{"0":"post-19","1":"product","2":"type-product","3":"status-publish","4":"has-post-thumbnail","6":"product_cat-bugaboo-stroller","7":"product_cat-child-seat","8":"product_cat-gear","10":"first","11":"instock","12":"shipping-taxable","13":"purchasable","14":"product-type-simple"},"jetpack_sharing_enabled":true,"_links":{"self":[{"href":"https:\/\/babieone.de\/index.php?rest_route=\/wp\/v2\/product\/19","targetHints":{"allow":["GET"]}}],"collection":[{"href":"https:\/\/babieone.de\/index.php?rest_route=\/wp\/v2\/product"}],"about":[{"href":"https:\/\/babieone.de\/index.php?rest_route=\/wp\/v2\/types\/product"}],"replies":[{"embeddable":true,"href":"https:\/\/babieone.de\/index.php?rest_route=%2Fwp%2Fv2%2Fcomments&post=19"}],"wp:featuredmedia":[{"embeddable":true,"href":"https:\/\/babieone.de\/index.php?rest_route=\/wp\/v2\/media\/1006"}],"wp:attachment":[{"href":"https:\/\/babieone.de\/index.php?rest_route=%2Fwp%2Fv2%2Fmedia&parent=19"}],"wp:term":[{"taxonomy":"product_brand","embeddable":true,"href":"https:\/\/babieone.de\/index.php?rest_route=%2Fwp%2Fv2%2Fproduct_brand&post=19"},{"taxonomy":"product_cat","embeddable":true,"href":"https:\/\/babieone.de\/index.php?rest_route=%2Fwp%2Fv2%2Fproduct_cat&post=19"},{"taxonomy":"product_tag","embeddable":true,"href":"https:\/\/babieone.de\/index.php?rest_route=%2Fwp%2Fv2%2Fproduct_tag&post=19"}],"curies":[{"name":"wp","href":"https:\/\/api.w.org\/{rel}","templated":true}]}}