{"id":20,"date":"2019-04-18T11:08:43","date_gmt":"2019-04-18T11:08:43","guid":{"rendered":"https:\/\/envothemes.com\/envo-ecommerce\/product\/import-placeholder-for-51\/"},"modified":"2025-11-10T02:08:38","modified_gmt":"2025-11-10T02:08:38","slug":"babybett","status":"publish","type":"product","link":"https:\/\/babieone.de\/?product=babybett","title":{"rendered":"3-teiliges Spar-Set Babyzimmer Benny"},"content":{"rendered":"<h1 style=\"text-align: center;\">Babybett \u2013 Sicherer und komfortabler Schlafplatz f\u00fcr dein Baby<\/h1>\n<p><a href=\"https:\/\/babieone.de\/?product=fusssack\">Das 3-teilige Spar-Set Babyzimmer Benny<\/a> von M\u00e4usbacher besteht aus einem 3-t\u00fcrigem Kleiderschrank, einem Kinderbett und einer Wickelkommode. Eine abnehmbare Wickelauflage erh\u00e4ltst du inklusive. Weitere M\u00f6bel aus dem Kinderzimmer Benny sind separat erh\u00e4ltlich.<\/p>\n<p>In dem Kinderbett Benny von M\u00e4usbacher wird dein kleiner Schatz beruhigt und komfortabel schlafen k\u00f6nnen. Das Bett bietet ein 3-fach h\u00f6henverstellbares Lattenrost und drei Schlupfsprossen. Es passt dank dem zeitlosen und wundersch\u00f6nen Design in jedes Kinderzimmer.<\/p>\n<p>Mit der wundersch\u00f6nen Wickelkommode Benny von M\u00e4usbacher erh\u00e4ltst du eine praktische Verstau-M\u00f6glichkeit f\u00fcr die wichtige Wickelutensilien und weitere Habseligkeiten. Die Kommode ist ger\u00e4umig und schafft Ordnung in jedem Kinderzimmer. Dank der abnehmbaren Wickelauflage kann die Wickelkommode besonders lange genutzt werden.<\/p>\n<p>Der bezaubernde, 3-t\u00fcrige Kleiderschrank Benny von M\u00e4usbacher bietet eine Menge Platz f\u00fcr Kleidung, Spielzeug und mehr. Zwei Schubk\u00e4sten und mehrere Einlegeb\u00f6den erm\u00f6glichen eine tolle Ordnung und \u00dcbersichtlichkeit im Schrank. Eine T\u00fcr sorgt mit der D\u00e4mpfung ein besonders leises und sicheres Schlie\u00dfen<a href=\"https:\/\/www.babyone.de\/\" target=\"_blank\" rel=\"noopener\">.<\/a><\/p>\n<h2 data-start=\"523\" data-end=\"572\">Warum ein hochwertiges Babybett so wichtig ist<\/h2>\n<p data-start=\"574\" data-end=\"928\">Ein <a href=\"https:\/\/babieone.de\/?product=buggy-mit-fusssack\"><strong data-start=\"578\" data-end=\"590\">Babybett<\/strong> <\/a>ist einer der wichtigsten Bestandteile der Erstausstattung f\u00fcr dein Neugeborenes.<br data-start=\"672\" data-end=\"675\" \/>Es bietet deinem Baby einen <strong data-start=\"703\" data-end=\"749\">sicheren, bequemen und ruhigen Schlafplatz<\/strong>, in dem es sich geborgen f\u00fchlt.<br data-start=\"781\" data-end=\"784\" \/>Ein gut gew\u00e4hltes Babybett f\u00f6rdert nicht nur gesunden Schlaf, sondern unterst\u00fctzt auch die k\u00f6rperliche Entwicklung und Sicherheit deines Kindes.<\/p>\n<hr data-start=\"930\" data-end=\"933\" \/>\n<h2 data-start=\"935\" data-end=\"958\">Arten von Babybetten<\/h2>\n<p data-start=\"960\" data-end=\"1123\">Es gibt verschiedene Arten von <strong data-start=\"991\" data-end=\"1005\">Babybetten<\/strong>, die jeweils eigene Vorteile bieten \u2013 abh\u00e4ngig vom Platz, dem Alter des Kindes und dem individuellen Stil der Eltern.<\/p>\n<h3 data-start=\"1125\" data-end=\"1154\">1. Klassisches Babybett<\/h3>\n<p data-start=\"1155\" data-end=\"1343\">Das <strong data-start=\"1159\" data-end=\"1182\">klassische Babybett<\/strong> ist stabil, langlebig und in der Regel aus Holz gefertigt. Es bietet hohe Sicherheit und ist oft h\u00f6henverstellbar, um sich an das Wachstum des Babys anzupassen.<\/p>\n<h3 data-start=\"1345\" data-end=\"1366\">2. Beistellbett<\/h3>\n<p data-start=\"1367\" data-end=\"1568\">Ein <a href=\"https:\/\/babieone.de\/?product=babyschale-mit-fusssack\"><strong data-start=\"1371\" data-end=\"1387\">Beistellbett<\/strong> <\/a>ist perfekt f\u00fcr die ersten Monate. Es wird direkt am Elternbett befestigt, sodass du dein Baby nachts schnell beruhigen oder stillen kannst. Dieses Modell f\u00f6rdert N\u00e4he und Bindung.<\/p>\n<h3 data-start=\"1570\" data-end=\"1588\">3. Reisebett<\/h3>\n<p data-start=\"1589\" data-end=\"1733\">Ein <strong data-start=\"1593\" data-end=\"1606\">Reisebett<\/strong> ist leicht, faltbar und ideal f\u00fcr unterwegs. Es sorgt f\u00fcr Sicherheit und Komfort \u2013 egal, ob bei den Gro\u00dfeltern oder im Urlaub.<\/p>\n<h3 data-start=\"1735\" data-end=\"1766\">4. Mitwachsendes Babybett<\/h3>\n<p data-start=\"1767\" data-end=\"1920\">Diese Betten lassen sich sp\u00e4ter in ein Kinderbett umwandeln und sind daher eine <strong data-start=\"1847\" data-end=\"1875\">langfristige Investition<\/strong>, die \u00fcber mehrere Jahre genutzt werden kann.<\/p>\n<hr data-start=\"1922\" data-end=\"1925\" \/>\n<h2 data-start=\"1927\" data-end=\"1969\">Wichtige Merkmale eines guten Babybetts<\/h2>\n<p data-start=\"1971\" data-end=\"2039\">Ein hochwertiges <strong data-start=\"1988\" data-end=\"2000\">Babybett<\/strong> sollte folgende Eigenschaften haben:<\/p>\n<ul data-start=\"2040\" data-end=\"2305\">\n<li data-start=\"2040\" data-end=\"2093\">\n<p data-start=\"2042\" data-end=\"2093\"><strong data-start=\"2042\" data-end=\"2066\">Stabile Konstruktion<\/strong> und gepr\u00fcfte Materialien<\/p>\n<\/li>\n<li data-start=\"2094\" data-end=\"2152\">\n<p data-start=\"2096\" data-end=\"2152\"><strong data-start=\"2096\" data-end=\"2124\">Verstellbarer Lattenrost<\/strong> f\u00fcr ergonomischen Komfort<\/p>\n<\/li>\n<li data-start=\"2153\" data-end=\"2202\">\n<p data-start=\"2155\" data-end=\"2202\"><strong data-start=\"2155\" data-end=\"2178\">Sichere Gitterst\u00e4be<\/strong> mit optimalem Abstand<\/p>\n<\/li>\n<li data-start=\"2203\" data-end=\"2253\">\n<p data-start=\"2205\" data-end=\"2253\"><strong data-start=\"2205\" data-end=\"2231\">Atmungsaktive Matratze<\/strong> f\u00fcr gesunden Schlaf<\/p>\n<\/li>\n<li data-start=\"2254\" data-end=\"2305\">\n<p data-start=\"2256\" data-end=\"2305\"><strong data-start=\"2256\" data-end=\"2277\">Abgerundete Ecken<\/strong> und schadstofffreie Lacke<\/p>\n<\/li>\n<\/ul>\n<hr data-start=\"2307\" data-end=\"2310\" \/>\n<h2 data-start=\"2312\" data-end=\"2336\">Sicherheit und Pflege<\/h2>\n<p data-start=\"2338\" data-end=\"2608\">Sicherheit steht beim <strong data-start=\"2360\" data-end=\"2372\">Babybett<\/strong> an erster Stelle. Achte darauf, dass alle Schrauben fest sitzen und keine losen Teile vorhanden sind.<br data-start=\"2474\" data-end=\"2477\" \/>Zur Pflege gen\u00fcgt meist ein <strong data-start=\"2505\" data-end=\"2531\">weiches, feuchtes Tuch<\/strong>. Textilien wie Bettw\u00e4sche oder Nestchen sollten regelm\u00e4\u00dfig gewaschen werden.<\/p>\n<hr data-start=\"2610\" data-end=\"2613\" \/>\n<h2 data-start=\"2615\" data-end=\"2623\">Fazit<\/h2>\n<p data-start=\"2625\" data-end=\"2846\">Ein gutes <a href=\"https:\/\/babieone.de\/?page_id=7\"><strong data-start=\"2635\" data-end=\"2647\">Babybett<\/strong> <\/a>bietet mehr als nur einen Schlafplatz \u2013 es schafft Geborgenheit, Sicherheit und Komfort f\u00fcr dein Baby.<br data-start=\"2750\" data-end=\"2753\" \/>Mit dem richtigen Modell sorgst du f\u00fcr erholsame N\u00e4chte und einen gesunden Start ins Leben.<\/p>\n<p data-start=\"2848\" data-end=\"2934\">Jetzt das ideale <strong data-start=\"2865\" data-end=\"2877\">Babybett<\/strong> entdecken und deinem Kind den besten Schlafplatz bieten!<\/p>\n<p>&nbsp;<\/p>\n","protected":false},"excerpt":{"rendered":"<ul class=\"product-detail-highlights\">\n<li>Set aus 3-t\u00fcrigem Kleiderschrank, Kinderbett und Wickelkommode<\/li>\n<li>inkl. abnehmbarem Wickelaufsatz<\/li>\n<li>Kleiderschrankt\u00fcr mit D\u00e4mpfung<\/li>\n<\/ul>\n<p>&nbsp;<\/p>\n","protected":false},"featured_media":1023,"comment_status":"open","ping_status":"closed","template":"","meta":[],"product_brand":[],"product_cat":[35,34],"product_tag":[],"class_list":{"0":"post-20","1":"product","2":"type-product","3":"status-publish","4":"has-post-thumbnail","6":"product_cat-baby-room-sets","7":"product_cat-newborn-baby-cots","9":"first","10":"instock","11":"featured","12":"virtual","13":"purchasable","14":"product-type-simple"},"jetpack_sharing_enabled":true,"_links":{"self":[{"href":"https:\/\/babieone.de\/index.php?rest_route=\/wp\/v2\/product\/20","targetHints":{"allow":["GET"]}}],"collection":[{"href":"https:\/\/babieone.de\/index.php?rest_route=\/wp\/v2\/product"}],"about":[{"href":"https:\/\/babieone.de\/index.php?rest_route=\/wp\/v2\/types\/product"}],"replies":[{"embeddable":true,"href":"https:\/\/babieone.de\/index.php?rest_route=%2Fwp%2Fv2%2Fcomments&post=20"}],"wp:featuredmedia":[{"embeddable":true,"href":"https:\/\/babieone.de\/index.php?rest_route=\/wp\/v2\/media\/1023"}],"wp:attachment":[{"href":"https:\/\/babieone.de\/index.php?rest_route=%2Fwp%2Fv2%2Fmedia&parent=20"}],"wp:term":[{"taxonomy":"product_brand","embeddable":true,"href":"https:\/\/babieone.de\/index.php?rest_route=%2Fwp%2Fv2%2Fproduct_brand&post=20"},{"taxonomy":"product_cat","embeddable":true,"href":"https:\/\/babieone.de\/index.php?rest_route=%2Fwp%2Fv2%2Fproduct_cat&post=20"},{"taxonomy":"product_tag","embeddable":true,"href":"https:\/\/babieone.de\/index.php?rest_route=%2Fwp%2Fv2%2Fproduct_tag&post=20"}],"curies":[{"name":"wp","href":"https:\/\/api.w.org\/{rel}","templated":true}]}}