{"id":913,"date":"2019-04-18T11:08:42","date_gmt":"2019-04-18T11:08:42","guid":{"rendered":"https:\/\/envothemes.com\/envo-ecommerce\/product\/import-placeholder-for-38\/"},"modified":"2025-11-19T22:30:13","modified_gmt":"2025-11-19T22:30:13","slug":"beistellbett-baby-ratgeber","status":"publish","type":"product","link":"https:\/\/babieone.de\/?product=beistellbett-baby-ratgeber","title":{"rendered":"XXL Beistellbett HAJO wei\u00df"},"content":{"rendered":"<h1 data-start=\"200\" data-end=\"283\"><strong data-start=\"202\" data-end=\"283\">Beistellbett Baby \u2013 Der ultimative Ratgeber f\u00fcr sicheren &amp; ruhigen Babyschlaf<\/strong><\/h1>\n<p data-start=\"285\" data-end=\"798\">Ein <a href=\"https:\/\/babieone.de\/?product=beistellbett\"><strong data-start=\"289\" data-end=\"310\">Beistellbett Baby<\/strong><\/a> geh\u00f6rt mittlerweile zur Grundausstattung vieler junger Eltern in Deutschland. Kein anderes Schlafm\u00f6bel bietet so viel N\u00e4he, Sicherheit und Komfort wie ein Bett, das direkt am Elternbett befestigt wird. Durch die unmittelbare N\u00e4he zur Mutter oder zum Vater schl\u00e4ft das Baby ruhiger, f\u00fchlt sich geborgen und kann nachts schnell beruhigt oder gestillt werden. Gleichzeitig schlafen Eltern entspannter, weil ihr Kind jederzeit in Reichweite ist \u2013 ohne das Risiko des unsicheren Co-Sleepings<a href=\"https:\/\/www.babyone.de\/\" target=\"_blank\" rel=\"noopener\">.<\/a><\/p>\n<hr data-start=\"800\" data-end=\"803\" \/>\n<h2 data-start=\"805\" data-end=\"850\"><strong data-start=\"808\" data-end=\"850\">Was ist ein Beistellbett f\u00fcr das Baby?<\/strong><\/h2>\n<p data-start=\"852\" data-end=\"1203\">Ein <a href=\"https:\/\/babieone.de\/?product=babytrage\"><strong data-start=\"856\" data-end=\"877\">Beistellbett Baby<\/strong><\/a> ist ein kleines Bett, das mit einer offenen Seite direkt an das Elternbett geschoben oder befestigt wird. So entsteht eine sichere Schlafumgebung, in der das Baby seinen eigenen Platz hat, aber dennoch nah bei den Eltern liegt. Moderne Beistellbetten sind h\u00f6henverstellbar, mobil und aus atmungsaktiven Materialien gefertigt.<\/p>\n<hr data-start=\"1205\" data-end=\"1208\" \/>\n<h2 data-start=\"1210\" data-end=\"1287\"><strong data-start=\"1213\" data-end=\"1287\">Warum ein Beistellbett Baby die beste L\u00f6sung f\u00fcr die ersten Monate ist<\/strong><\/h2>\n<h3 data-start=\"1289\" data-end=\"1330\"><strong data-start=\"1293\" data-end=\"1328\">1. Maximale N\u00e4he &amp; Geborgenheit<\/strong><\/h3>\n<p data-start=\"1331\" data-end=\"1484\">Neugeborene suchen N\u00e4he, W\u00e4rme und den vertrauten Herzschlag der Eltern. Ein Beistellbett Baby schafft genau diese Bedingungen \u2013 sicher und ohne Risiken.<\/p>\n<h3 data-start=\"1486\" data-end=\"1534\"><strong data-start=\"1490\" data-end=\"1532\">2. Besserer Schlaf f\u00fcr Eltern und Kind<\/strong><\/h3>\n<p data-start=\"1535\" data-end=\"1710\">Studien zeigen, dass Babys ruhiger schlafen, wenn sie die N\u00e4he der Eltern sp\u00fcren. Gleichzeitig m\u00fcssen Eltern nachts nicht aufstehen \u2013 Stillen und Kuscheln sind direkt m\u00f6glich.<\/p>\n<h3 data-start=\"1712\" data-end=\"1752\"><strong data-start=\"1716\" data-end=\"1750\">3. Sicherheit an erster Stelle<\/strong><\/h3>\n<p data-start=\"1753\" data-end=\"1922\">Im Gegensatz zum gemeinsamen Schlafen im Bett bietet das Beistellbett eine klare, sichere Schlafposition mit gen\u00fcgend Luftzirkulation und ohne weiche Kissen oder Decken.<\/p>\n<h3 data-start=\"1924\" data-end=\"1962\"><strong data-start=\"1928\" data-end=\"1960\">4. Entlastung f\u00fcr die Mutter<\/strong><\/h3>\n<p data-start=\"1963\" data-end=\"2100\">Besonders nach der Geburt \u2013 oder nach einem Kaiserschnitt \u2013 erleichtert ein Beistellbett Baby das n\u00e4chtliche Aufstehen und Stillen enorm.<\/p>\n<hr data-start=\"2102\" data-end=\"2105\" \/>\n<h2 data-start=\"2107\" data-end=\"2164\"><strong data-start=\"2110\" data-end=\"2164\">Welche Arten von Beistellbetten f\u00fcr Babys gibt es?<\/strong><\/h2>\n<h3 data-start=\"2166\" data-end=\"2202\">\u25ba <strong data-start=\"2172\" data-end=\"2200\">Klassisches Beistellbett<\/strong><\/h3>\n<p data-start=\"2203\" data-end=\"2281\">Holzrahmen, atmungsaktive Seiten, h\u00f6henverstellbar \u2013 die beliebteste Variante.<\/p>\n<h3 data-start=\"2283\" data-end=\"2318\">\u25ba <strong data-start=\"2289\" data-end=\"2316\">Beistellbett mit Rollen<\/strong><\/h3>\n<p data-start=\"2319\" data-end=\"2407\">Ideal f\u00fcr Eltern, die das Bett flexibel zwischen Schlaf- und Wohnzimmer bewegen m\u00f6chten.<\/p>\n<h3 data-start=\"2409\" data-end=\"2453\">\u25ba <strong data-start=\"2415\" data-end=\"2451\">Beistellbett \/ Stubenwagen Kombi<\/strong><\/h3>\n<p data-start=\"2454\" data-end=\"2552\">Ein Modell, das sowohl als Beistellbett Baby als auch als mobiler Stubenwagen genutzt werden kann.<\/p>\n<h3 data-start=\"2554\" data-end=\"2598\">\u25ba <strong data-start=\"2560\" data-end=\"2596\">Beistellbett mit Faltmechanismus<\/strong><\/h3>\n<p data-start=\"2599\" data-end=\"2640\">Perfekt f\u00fcr Reisen oder kleine Wohnungen.<\/p>\n<hr data-start=\"2642\" data-end=\"2645\" \/>\n<h2 data-start=\"2647\" data-end=\"2706\"><strong data-start=\"2650\" data-end=\"2706\">Wichtige Kriterien beim Kauf eines Beistellbett Baby<\/strong><\/h2>\n<h3 data-start=\"2708\" data-end=\"2748\"><strong data-start=\"2712\" data-end=\"2748\">1. H\u00f6henverstellung &amp; Sicherheit<\/strong><\/h3>\n<p data-start=\"2749\" data-end=\"2856\">Das Bett muss sich exakt auf die H\u00f6he des Elternbetts einstellen lassen und stabil befestigt werden k\u00f6nnen.<\/p>\n<h3 data-start=\"2858\" data-end=\"2898\"><strong data-start=\"2862\" data-end=\"2896\">2. Material &amp; Atmungsaktivit\u00e4t<\/strong><\/h3>\n<p data-start=\"2899\" data-end=\"2970\">Holz oder hochwertiger Mesh-Stoff sorgen f\u00fcr eine gute Luftzirkulation.<\/p>\n<h3 data-start=\"2972\" data-end=\"3002\"><strong data-start=\"2976\" data-end=\"3000\">3. Matratzenqualit\u00e4t<\/strong><\/h3>\n<p data-start=\"3003\" data-end=\"3077\">Eine feste, atmungsaktive Matratze ist essenziell f\u00fcr sicheren Babyschlaf.<\/p>\n<h3 data-start=\"3079\" data-end=\"3112\"><strong data-start=\"3083\" data-end=\"3110\">4. Gr\u00f6\u00dfe &amp; Flexibilit\u00e4t<\/strong><\/h3>\n<p data-start=\"3113\" data-end=\"3214\">Je nach Raumgr\u00f6\u00dfe und Alltag sollte das Beistellbett Baby gut verstellbar und leicht zu bewegen sein.<\/p>\n<h3 data-start=\"3216\" data-end=\"3239\"><strong data-start=\"3220\" data-end=\"3237\">5. Pr\u00fcfsiegel<\/strong><\/h3>\n<p data-start=\"3240\" data-end=\"3296\">Achte auf T\u00dcV, GS-Zeichen oder EU-Normen f\u00fcr Sicherheit.<\/p>\n<hr data-start=\"3298\" data-end=\"3301\" \/>\n<h2 data-start=\"3303\" data-end=\"3358\"><strong data-start=\"3306\" data-end=\"3358\">Vorteile eines Beistellbett Baby auf einen Blick<\/strong><\/h2>\n<ul data-start=\"3360\" data-end=\"3588\">\n<li data-start=\"3360\" data-end=\"3395\">\n<p data-start=\"3362\" data-end=\"3395\">Mehr Sicherheit als Co-Sleeping<\/p>\n<\/li>\n<li data-start=\"3396\" data-end=\"3432\">\n<p data-start=\"3398\" data-end=\"3432\">N\u00e4he f\u00f6rdert emotionalen Kontakt<\/p>\n<\/li>\n<li data-start=\"3433\" data-end=\"3468\">\n<p data-start=\"3435\" data-end=\"3468\">Perfekt zum n\u00e4chtlichen Stillen<\/p>\n<\/li>\n<li data-start=\"3469\" data-end=\"3498\">\n<p data-start=\"3471\" data-end=\"3498\">Weniger Stress f\u00fcr Eltern<\/p>\n<\/li>\n<li data-start=\"3499\" data-end=\"3545\">\n<p data-start=\"3501\" data-end=\"3545\">Flexible Nutzung als Bett oder Stubenwagen<\/p>\n<\/li>\n<li data-start=\"3546\" data-end=\"3588\">\n<p data-start=\"3548\" data-end=\"3588\">Unterst\u00fctzt ruhigen, festen Babyschlaf<\/p>\n<\/li>\n<\/ul>\n<hr data-start=\"3590\" data-end=\"3593\" \/>\n<h2 data-start=\"3595\" data-end=\"3667\"><strong data-start=\"3598\" data-end=\"3667\">Fazit: Das Beistellbett Baby ist ein Must-have f\u00fcr moderne Eltern<\/strong><\/h2>\n<p data-start=\"3669\" data-end=\"4067\">Ein <a href=\"https:\/\/babieone.de\/?product=babybett\"><strong data-start=\"3673\" data-end=\"3694\">beistellbett baby<\/strong><\/a> ist die perfekte L\u00f6sung f\u00fcr die ersten Lebensmonate. Es schafft Sicherheit, st\u00e4rkt die Bindung und erleichtert N\u00e4chte enorm. Eltern profitieren von unmittelbarer N\u00e4he, ohne auf die Sicherheit eines separaten Schlafplatzes verzichten zu m\u00fcssen. Wer Wert auf gesunden Schlaf, Geborgenheit und ein entspannteres Familienleben legt, findet im Beistellbett Baby die beste Wahl.<\/p>\n<p>&nbsp;<\/p>\n<p>&nbsp;<\/p>\n","protected":false},"excerpt":{"rendered":"<ul class=\"product-detail-highlights\">\n<li>mit h\u00f6henverstellbaren Lattenrost<\/li>\n<li>inklusive drei Schlupfsprossen<\/li>\n<li>Massivholz aus zertifizierten W\u00e4ldern<\/li>\n<\/ul>\n<p>&nbsp;<\/p>\n<p>Das XXL Beistellbett \u201eHAJO\u201c von\u00a0\u00a0tiSsi\u00ae\u00a0ist der perfekte Begleiter f\u00fcr die ersten Lebensjahre deines Kindes. Es bietet nicht nur Geborgenheit und Sicherheit, sondern auch eine lange Nutzungsdauer dank seiner vielseitigen Funktionen. Mit seiner stabilen Bauweise aus zertifiziertem Massivholz und dem patentierten Sicherheitssystem kannst du sicher sein, dass dein kleiner Schatz stets bestens aufgehoben ist.<\/p>\n<p>Das Gestell des Bettes ist so konzipiert, dass es sich leicht an das Elternbett anpassen l\u00e4sst. Mit der h\u00f6henverstellbaren Liegefl\u00e4che kann das Beistellbett perfekt auf die H\u00f6he deines Bettes eingestellt werden, sodass dein Baby immer in deiner N\u00e4he ist. Die integrierten schwarzen Rollen mit Feststellbremse erm\u00f6glichen einen unkomplizierten Transport im Haus und sorgen f\u00fcr maximale Flexibilit\u00e4t.<\/p>\n<p>Doch es ist mehr als nur ein Beistellbett. Dank der multifunktionalen Nutzungsm\u00f6glichkeiten kann es auch als freistehendes Kinderbett verwendet werden. Mit den drei Schlupfsprossen ist es zudem leicht zug\u00e4nglich und bietet deinem Kind die Freiheit, selbstst\u00e4ndig aus dem Bett zu steigen.<\/p>\n<p>&nbsp;<\/p>\n","protected":false},"featured_media":1077,"comment_status":"open","ping_status":"closed","template":"","meta":[],"product_brand":[],"product_cat":[34],"product_tag":[39,41],"class_list":{"0":"post-913","1":"product","2":"type-product","3":"status-publish","4":"has-post-thumbnail","6":"product_cat-newborn-baby-cots","7":"product_tag-baby","8":"product_tag-beistellbett","10":"first","11":"outofstock","12":"shipping-taxable","13":"purchasable","14":"product-type-simple"},"jetpack_sharing_enabled":true,"_links":{"self":[{"href":"https:\/\/babieone.de\/index.php?rest_route=\/wp\/v2\/product\/913","targetHints":{"allow":["GET"]}}],"collection":[{"href":"https:\/\/babieone.de\/index.php?rest_route=\/wp\/v2\/product"}],"about":[{"href":"https:\/\/babieone.de\/index.php?rest_route=\/wp\/v2\/types\/product"}],"replies":[{"embeddable":true,"href":"https:\/\/babieone.de\/index.php?rest_route=%2Fwp%2Fv2%2Fcomments&post=913"}],"wp:featuredmedia":[{"embeddable":true,"href":"https:\/\/babieone.de\/index.php?rest_route=\/wp\/v2\/media\/1077"}],"wp:attachment":[{"href":"https:\/\/babieone.de\/index.php?rest_route=%2Fwp%2Fv2%2Fmedia&parent=913"}],"wp:term":[{"taxonomy":"product_brand","embeddable":true,"href":"https:\/\/babieone.de\/index.php?rest_route=%2Fwp%2Fv2%2Fproduct_brand&post=913"},{"taxonomy":"product_cat","embeddable":true,"href":"https:\/\/babieone.de\/index.php?rest_route=%2Fwp%2Fv2%2Fproduct_cat&post=913"},{"taxonomy":"product_tag","embeddable":true,"href":"https:\/\/babieone.de\/index.php?rest_route=%2Fwp%2Fv2%2Fproduct_tag&post=913"}],"curies":[{"name":"wp","href":"https:\/\/api.w.org\/{rel}","templated":true}]}}